{"id":10,"date":"2024-01-12T02:11:27","date_gmt":"2024-01-12T02:11:27","guid":{"rendered":"https:\/\/em-reinigung.ch\/?page_id=10"},"modified":"2024-01-12T23:50:47","modified_gmt":"2024-01-12T23:50:47","slug":"dienstleistungen","status":"publish","type":"page","link":"https:\/\/em-reinigung.ch\/index.php\/dienstleistungen\/","title":{"rendered":"Dienstleistungen"},"content":{"rendered":"\t\t<div data-elementor-type=\"wp-page\" data-elementor-id=\"10\" class=\"elementor elementor-10\">\n\t\t\t\t\t\t\t<div class=\"elementor-element elementor-element-d94cab4 e-flex e-con-boxed e-con e-parent\" data-id=\"d94cab4\" data-element_type=\"container\" data-settings=\"{&quot;content_width&quot;:&quot;boxed&quot;}\" data-core-v316-plus=\"true\">\n\t\t\t\t\t<div class=\"e-con-inner\">\n\t\t<div class=\"elementor-element elementor-element-907d72d e-con-full e-flex e-con e-child\" data-id=\"907d72d\" data-element_type=\"container\" data-settings=\"{&quot;content_width&quot;:&quot;full&quot;}\">\n\t\t\t\t<div class=\"elementor-element elementor-element-aa01a70 elementor-widget elementor-widget-image\" data-id=\"aa01a70\" data-element_type=\"widget\" data-widget_type=\"image.default\">\n\t\t\t\t<div class=\"elementor-widget-container\">\n\t\t\t<style>\/*! elementor - v3.18.0 - 20-12-2023 *\/\n.elementor-widget-image{text-align:center}.elementor-widget-image a{display:inline-block}.elementor-widget-image a img[src$=\".svg\"]{width:48px}.elementor-widget-image img{vertical-align:middle;display:inline-block}<\/style>\t\t\t\t\t\t\t\t\t\t\t\t<img fetchpriority=\"high\" decoding=\"async\" width=\"1024\" height=\"683\" src=\"https:\/\/em-reinigung.ch\/wp-content\/uploads\/2024\/01\/1-1024x683.jpg\" class=\"attachment-large size-large wp-image-89\" alt=\"\" srcset=\"https:\/\/em-reinigung.ch\/wp-content\/uploads\/2024\/01\/1-1024x683.jpg 1024w, https:\/\/em-reinigung.ch\/wp-content\/uploads\/2024\/01\/1-300x200.jpg 300w, https:\/\/em-reinigung.ch\/wp-content\/uploads\/2024\/01\/1-768x512.jpg 768w, https:\/\/em-reinigung.ch\/wp-content\/uploads\/2024\/01\/1-1536x1024.jpg 1536w, https:\/\/em-reinigung.ch\/wp-content\/uploads\/2024\/01\/1-2048x1365.jpg 2048w, https:\/\/em-reinigung.ch\/wp-content\/uploads\/2024\/01\/1-600x400.jpg 600w\" sizes=\"(max-width: 1024px) 100vw, 1024px\" \/>\t\t\t\t\t\t\t\t\t\t\t\t\t\t\t<\/div>\n\t\t\t\t<\/div>\n\t\t\t\t<\/div>\n\t\t<div class=\"elementor-element elementor-element-0c94ba8 e-con-full e-flex e-con e-child\" data-id=\"0c94ba8\" data-element_type=\"container\" data-settings=\"{&quot;content_width&quot;:&quot;full&quot;}\">\n\t\t\t\t<div class=\"elementor-element elementor-element-abb0362 elementor-widget elementor-widget-image\" data-id=\"abb0362\" data-element_type=\"widget\" data-widget_type=\"image.default\">\n\t\t\t\t<div class=\"elementor-widget-container\">\n\t\t\t\t\t\t\t\t\t\t\t\t\t\t\t<img decoding=\"async\" width=\"1024\" height=\"683\" src=\"https:\/\/em-reinigung.ch\/wp-content\/uploads\/2024\/01\/medium-shot-people-cleaning-building-1024x683.jpg\" class=\"attachment-large size-large wp-image-29\" alt=\"\" srcset=\"https:\/\/em-reinigung.ch\/wp-content\/uploads\/2024\/01\/medium-shot-people-cleaning-building-1024x683.jpg 1024w, https:\/\/em-reinigung.ch\/wp-content\/uploads\/2024\/01\/medium-shot-people-cleaning-building-scaled-600x400.jpg 600w, https:\/\/em-reinigung.ch\/wp-content\/uploads\/2024\/01\/medium-shot-people-cleaning-building-300x200.jpg 300w, https:\/\/em-reinigung.ch\/wp-content\/uploads\/2024\/01\/medium-shot-people-cleaning-building-768x512.jpg 768w, https:\/\/em-reinigung.ch\/wp-content\/uploads\/2024\/01\/medium-shot-people-cleaning-building-1536x1024.jpg 1536w, https:\/\/em-reinigung.ch\/wp-content\/uploads\/2024\/01\/medium-shot-people-cleaning-building-2048x1365.jpg 2048w, https:\/\/em-reinigung.ch\/wp-content\/uploads\/2024\/01\/medium-shot-people-cleaning-building-360x240.jpg 360w\" sizes=\"(max-width: 1024px) 100vw, 1024px\" \/>\t\t\t\t\t\t\t\t\t\t\t\t\t\t\t<\/div>\n\t\t\t\t<\/div>\n\t\t\t\t<\/div>\n\t\t<div class=\"elementor-element elementor-element-57a65f9 e-con-full e-flex e-con e-child\" data-id=\"57a65f9\" data-element_type=\"container\" data-settings=\"{&quot;content_width&quot;:&quot;full&quot;}\">\n\t\t\t\t<div class=\"elementor-element elementor-element-49f0704 elementor-widget elementor-widget-heading\" data-id=\"49f0704\" data-element_type=\"widget\" data-widget_type=\"heading.default\">\n\t\t\t\t<div class=\"elementor-widget-container\">\n\t\t\t<style>\/*! elementor - v3.18.0 - 20-12-2023 *\/\n.elementor-heading-title{padding:0;margin:0;line-height:1}.elementor-widget-heading .elementor-heading-title[class*=elementor-size-]>a{color:inherit;font-size:inherit;line-height:inherit}.elementor-widget-heading .elementor-heading-title.elementor-size-small{font-size:15px}.elementor-widget-heading .elementor-heading-title.elementor-size-medium{font-size:19px}.elementor-widget-heading .elementor-heading-title.elementor-size-large{font-size:29px}.elementor-widget-heading .elementor-heading-title.elementor-size-xl{font-size:39px}.elementor-widget-heading .elementor-heading-title.elementor-size-xxl{font-size:59px}<\/style><h2 class=\"elementor-heading-title elementor-size-default\">E&M Parlak Reinigung \u2013 Wir sind Experten in Sachen Reinigung!<\/h2>\t\t<\/div>\n\t\t\t\t<\/div>\n\t\t\t\t<\/div>\n\t\t\t\t\t<\/div>\n\t\t\t\t<\/div>\n\t\t<div class=\"elementor-element elementor-element-d6f3649 e-flex e-con-boxed e-con e-parent\" data-id=\"d6f3649\" data-element_type=\"container\" data-settings=\"{&quot;content_width&quot;:&quot;boxed&quot;}\" data-core-v316-plus=\"true\">\n\t\t\t\t\t<div class=\"e-con-inner\">\n\t\t\t\t<div class=\"elementor-element elementor-element-ef70e8a elementor-widget elementor-widget-text-editor\" data-id=\"ef70e8a\" data-element_type=\"widget\" data-widget_type=\"text-editor.default\">\n\t\t\t\t<div class=\"elementor-widget-container\">\n\t\t\t<style>\/*! elementor - v3.18.0 - 20-12-2023 *\/\n.elementor-widget-text-editor.elementor-drop-cap-view-stacked .elementor-drop-cap{background-color:#69727d;color:#fff}.elementor-widget-text-editor.elementor-drop-cap-view-framed .elementor-drop-cap{color:#69727d;border:3px solid;background-color:transparent}.elementor-widget-text-editor:not(.elementor-drop-cap-view-default) .elementor-drop-cap{margin-top:8px}.elementor-widget-text-editor:not(.elementor-drop-cap-view-default) .elementor-drop-cap-letter{width:1em;height:1em}.elementor-widget-text-editor .elementor-drop-cap{float:left;text-align:center;line-height:1;font-size:50px}.elementor-widget-text-editor .elementor-drop-cap-letter{display:inline-block}<\/style>\t\t\t\t<p>Umzugsreinigung mit Abgabegarantie<\/p><p>Wenn sie Ihre Umzugsreinigung stressfrei gestalten m\u00f6chten, sind sie bei uns richtig! Wir sorgen f\u00fcr termingerechte sowie kosteng\u00fcnstige Reinigungen in Z\u00fcrich und Umgebung.<br \/>Die Wohnungsendreinigung ist bei uns mit Abnahmegarantie. Bei jeder \u00dcbergabe wird ein Mitarbeiter vor Ort anwesend sein.<br \/>Der offerierte Preis beinhaltet:<\/p><p>\u2013 Material<br \/>\u2013 Anfahrtskosten<br \/>\u2013 Versicherung<br \/>\u2013 Kostenlose Nachreinigung<br \/>Wir f\u00fchren termingerechte sowie kosteng\u00fcnstige Reinigungen durch und fahren von Z\u00fcrich bis zu ca 80 km. Entfernung.<\/p><p>Bei uns haben Sie auch die M\u00f6glichkeit Teilbereiche f\u00fcr die Wohnungsendreinigung zu buchen wie z.B. die K\u00fcche und das Bad oder die Fenster und Roll\u00e4den.<\/p><p>Rufen Sie uns an und bestellen Sie Ihre kostenlose und unverbindliche Reinigungsofferte. Wir stehen Ihnen telefonisch, per Mail oder Whatsapp zur Verf\u00fcgung und k\u00f6nnen Ihnen Ihre Fragen gerne beantworten.<\/p><p>Hauswartung<\/p><p>Sie suchen einen zuverl\u00e4ssigen Partner f\u00fcr die Hauswartung und Reinigung Ihres Geb\u00e4udes, Ihrer B\u00fcror\u00e4umlichkeiten oder f\u00fcr Ihre Wohnung?<br \/>Dann sind Sie bei E&amp;M Parlak Reinigung richtig.<br \/>Wir unterhalten und pflegen Ihre Liegenschaften professionell und zuverl\u00e4ssig. Lassen Sie sich von unserem Service \u00fcberzeugen. Ihre Zufriedenheit liegt uns am Herzen!<\/p><p>Unsere Dienstleistungen im \u00dcberblick:<\/p><p>Reinigung Ihrer Liegenschaft im Innen- und Aussenbereich sowie<br \/>Gartenpflege und Winterdienst<\/p><p>\u2013 Reinigung von Treppenh\u00e4usern<br \/>\u2013 Aufzug<br \/>\u2013 Gel\u00e4nder<br \/>\u2013 Fenster am Treppenhaus<br \/>\u2013 Veloraum<br \/>\u2013 Kellerg\u00e4nge<br \/>\u2013 Waschk\u00fcchen<br \/>\u2013 Estrich<br \/>\u2013 Tiefgarage und allgemeine R\u00e4ume<br \/>\u2013 Instandhaltung der Aussenumgebung<br \/>\u2013 Zugangswege \/ Au\u00dfentreppe \/ M\u00fcllcontainer<br \/>\u2013 Gartenpflege<br \/>\u2013 Rasenpflege<br \/>\u2013 Beseitigung von Herbstlaub<br \/>\u2013 Schneer\u00e4umung<br \/>\u2013 Beleuchtungen kontrollieren und bei Bedarf ersetzen<br \/>-allf\u00e4lligen Kinderspielpl\u00e4tzen<br \/>Privatreinigung\/Grundreinigung<br \/>Wir bieten auch Privatreinigung regelm\u00e4\u00dfig je nach Kundenwunsch oder f\u00fchren Grundreinigungen unter dem Namen \u201eklassischer Fr\u00fchlingsputz\u201c durch .<\/p><p>Fensterreinigung<br \/>Die Reinigung von Fenstern ist immer kompliziert.<br \/>Mit unserer Erfahrung ist es schnell und gr\u00fcndlich erledigt.<\/p><p>Nehmen Sie mit uns Kontakt auf. Gerne k\u00f6nnen wir Ihnen eine unverbindliche und wunschorientierte Offerte zusenden.<\/p><p>Wir freuen uns auf Ihre Kontaktaufnahme.<\/p>\t\t\t\t\t\t<\/div>\n\t\t\t\t<\/div>\n\t\t\t\t\t<\/div>\n\t\t\t\t<\/div>\n\t\t<div class=\"elementor-element elementor-element-db46852 e-flex e-con-boxed e-con e-parent\" data-id=\"db46852\" data-element_type=\"container\" data-settings=\"{&quot;content_width&quot;:&quot;boxed&quot;}\" data-core-v316-plus=\"true\">\n\t\t\t\t\t<div class=\"e-con-inner\">\n\t\t\t\t<div class=\"elementor-element elementor-element-35e2b01 elementor-widget elementor-widget-google_maps\" data-id=\"35e2b01\" data-element_type=\"widget\" data-widget_type=\"google_maps.default\">\n\t\t\t\t<div class=\"elementor-widget-container\">\n\t\t\t<style>\/*! elementor - v3.18.0 - 20-12-2023 *\/\n.elementor-widget-google_maps .elementor-widget-container{overflow:hidden}.elementor-widget-google_maps .elementor-custom-embed{line-height:0}.elementor-widget-google_maps iframe{height:300px}<\/style>\t\t<div class=\"elementor-custom-embed\">\n\t\t\t<iframe loading=\"lazy\"\n\t\t\t\t\tsrc=\"https:\/\/maps.google.com\/maps?q=Usterstrasse%20128%2C%208620%20Wetzikon&#038;t=m&#038;z=14&#038;output=embed&#038;iwloc=near\"\n\t\t\t\t\ttitle=\"Usterstrasse 128, 8620 Wetzikon\"\n\t\t\t\t\taria-label=\"Usterstrasse 128, 8620 Wetzikon\"\n\t\t\t><\/iframe>\n\t\t<\/div>\n\t\t\t\t<\/div>\n\t\t\t\t<\/div>\n\t\t\t\t\t<\/div>\n\t\t\t\t<\/div>\n\t\t\t\t\t\t\t<\/div>\n\t\t","protected":false},"excerpt":{"rendered":"<p>E&#038;M Parlak Reinigung \u2013 Wir sind Experten in Sachen Reinigung! Umzugsreinigung mit Abgabegarantie Wenn sie Ihre Umzugsreinigung stressfrei gestalten m\u00f6chten, sind sie bei uns richtig! Wir sorgen f\u00fcr termingerechte sowie kosteng\u00fcnstige Reinigungen in Z\u00fcrich und Umgebung.Die Wohnungsendreinigung ist bei uns mit Abnahmegarantie. Bei jeder \u00dcbergabe wird ein Mitarbeiter vor Ort anwesend sein.Der offerierte Preis beinhaltet: [&hellip;]<\/p>\n","protected":false},"author":1,"featured_media":0,"parent":0,"menu_order":0,"comment_status":"closed","ping_status":"closed","template":"","meta":{"footnotes":""},"_links":{"self":[{"href":"https:\/\/em-reinigung.ch\/index.php\/wp-json\/wp\/v2\/pages\/10"}],"collection":[{"href":"https:\/\/em-reinigung.ch\/index.php\/wp-json\/wp\/v2\/pages"}],"about":[{"href":"https:\/\/em-reinigung.ch\/index.php\/wp-json\/wp\/v2\/types\/page"}],"author":[{"embeddable":true,"href":"https:\/\/em-reinigung.ch\/index.php\/wp-json\/wp\/v2\/users\/1"}],"replies":[{"embeddable":true,"href":"https:\/\/em-reinigung.ch\/index.php\/wp-json\/wp\/v2\/comments?post=10"}],"version-history":[{"count":10,"href":"https:\/\/em-reinigung.ch\/index.php\/wp-json\/wp\/v2\/pages\/10\/revisions"}],"predecessor-version":[{"id":179,"href":"https:\/\/em-reinigung.ch\/index.php\/wp-json\/wp\/v2\/pages\/10\/revisions\/179"}],"wp:attachment":[{"href":"https:\/\/em-reinigung.ch\/index.php\/wp-json\/wp\/v2\/media?parent=10"}],"curies":[{"name":"wp","href":"https:\/\/api.w.org\/{rel}","templated":true}]}}